{"id":1205,"date":"2024-10-31T15:38:00","date_gmt":"2024-10-31T15:38:00","guid":{"rendered":"https:\/\/2fl.com\/?page_id=1205"},"modified":"2024-11-28T15:11:47","modified_gmt":"2024-11-28T14:11:47","slug":"winkelwagen","status":"publish","type":"page","link":"https:\/\/2fl.com\/en\/winkelwagen\/","title":{"rendered":"Winkelwagen"},"content":{"rendered":"<div data-elementor-type=\"wp-page\" data-elementor-id=\"1205\" class=\"elementor elementor-1205\">\n\t\t\t\t\t\t<section class=\"elementor-section elementor-top-section elementor-element elementor-element-bc754f1 elementor-section-boxed elementor-section-height-default elementor-section-height-default wpr-particle-no wpr-jarallax-no wpr-parallax-no wpr-sticky-section-no wpr-equal-height-no\" data-id=\"bc754f1\" data-element_type=\"section\" data-e-type=\"section\">\n\t\t\t\t\t\t<div class=\"elementor-container elementor-column-gap-default\">\n\t\t\t\t\t<div class=\"elementor-column elementor-col-100 elementor-top-column elementor-element elementor-element-6803397\" data-id=\"6803397\" data-element_type=\"column\" data-e-type=\"column\">\n\t\t\t<div class=\"elementor-widget-wrap elementor-element-populated\">\n\t\t\t\t\t\t<div class=\"elementor-element elementor-element-5e98da9 elementor-widget elementor-widget-heading\" data-id=\"5e98da9\" data-element_type=\"widget\" data-e-type=\"widget\" data-widget_type=\"heading.default\">\n\t\t\t\t<div class=\"elementor-widget-container\">\n\t\t\t\t\t<h2 class=\"elementor-heading-title elementor-size-default\">In my shopping cart<\/h2>\t\t\t\t<\/div>\n\t\t\t\t<\/div>\n\t\t\t\t\t<\/div>\n\t\t<\/div>\n\t\t\t\t\t<\/div>\n\t\t<\/section>\n\t\t\t\t<\/div>","protected":false},"excerpt":{"rendered":"<p>In my shopping cart &nbsp; Product &nbsp; Prijs Aantal Subtotaal &times; 2FL Test &euro;&nbsp;349,00 2FL Test aantal &euro;&nbsp;349,00 &times; 2&#8242;-FUCOSYLLACTOSE &euro;&nbsp;49,95 &euro;&nbsp;42,46 2&#039;-FUCOSYLLACTOSE aantal &euro;&nbsp;42,46 Update Cart Apply coupon Cart Totals Subtotaal &euro;&nbsp;391,46 Waardebon: rc25 -&euro;&nbsp;25,00 [Remove] Verzending Gratis verzending De verzendopties worden bij het afrekenen ge\u00fcpdatet. Bereken verzendkosten Land\/regio: Selecteer een land\/regio&hellip;AfghanistanAland eilandenAlbani\u00ebAlgerijeAmerikaans-SamoaAndorraAngolaAnguillaAntarcticaAntigua en BarbudaArgentini\u00ebArmeni\u00ebArubaAustrali\u00ebAzerbeidzjanBahamasBahreinBangladeshBarbadosBelauBelgi\u00ebBelizeBeninBermudaBhutanBoeroendiBoliviaBonaire, Sint Eustatius en SabaBosni\u00eb en HerzegovinaBotswanaBouvetBrazili\u00ebBrits Indische OceaanterritoriumBruneiBulgarijeBurkina FasoCambodjaCanadaCentraal-Afrikaanse RepubliekChiliChinaChristmaseilandCocoseilandenColombiaComorenCongo-BrazzavilleCongo-KinshasaCookeilandenCosta RicaCubaCura\u00e7aoCyprusDenemarkenDjiboutiDominicaDominicaanse RepubliekDuitslandEcuadorEgypteEl SalvadorEquatoriaal-GuineaEritreaEstlandEswatiniEthiopi\u00ebFaer\u00f6erFalklandeilandenFijiFilippijnenFinlandFrankrijkFrans-GuyanaFrans-Polynesi\u00ebFranse Zuidelijke GebiedenGabonGambiaGeorgi\u00ebGhanaGibraltarGrenadaGriekenlandGroenlandGuadeloupeGuamGuatemalaGuernseyGuineaGuinee-BissauGuyanaHa\u00eftiHeard en McDonaldeilandenHondurasHongarijeHongkongIerlandIJslandIndiaIndonesi\u00ebIrakIranIsle of ManIsra\u00eblItali\u00ebIvoorkustJamaicaJapanJerseyJordani\u00ebKaaimaneilandenKaapverdi\u00ebKameroenKatarKazachstanKeniaKirgizi\u00ebKiribatiKoeweitKroati\u00ebLaosLesothoLetlandLibanonLiberiaLibi\u00ebLiechtensteinLitouwenLuxemburgMaagdeneilanden (Verenigd Koninkrijk)Maagdeneilanden (VS)MacaoMadagascarMalawiMaledivenMaleisi\u00ebMaliMaltaMarokkoMarshalleilandenMartiniqueMauritani\u00ebMauritiusMayotteMexicoMicronesi\u00ebMoldavi\u00ebMonacoMongoli\u00ebMontenegroMontserratMozambiqueMyanmarNamibi\u00ebNauruNederlandNepalNicaraguaNieuw-Caledoni\u00ebNieuw-ZeelandNigerNigeriaNiueNoord Macedoni\u00ebNoord-KoreaNoordelijke MarianenNoorwegenNorfolk IslandOegandaOekra\u00efneOezbekistanOmanOost-TimorOostenrijkPakistanPalestijnse GebiedenPanamaPapoea-Nieuw-GuineaParaguayPeruPitcairnPolenPortugalPuerto RicoR\u00e9unionRoemeni\u00ebRuslandRwandaSaint Kitts en NevisSaint LuciaSaint Vincent en de GrenadinesSaint-Pierre en MiquelonSalomonseilandenSamoaSan MarinoSao Tom&eacute; en PrincipeSaudi-Arabi\u00ebSenegalServi\u00ebSeychellenSierra LeoneSingaporeSint MaartenSint-BartholomeusSint-HelenaSint-Maarten (Frans deel)Sloveni\u00ebSlowakijeSoedanSomali\u00ebSpanjeSpitsbergen en Jan MayenSri LankaSurinameSyri\u00ebTadzjikistanTaiwanTanzaniaThailandTogoTokelauTongaTrinidad en TobagoTsjaadTsjechi\u00ebTunesi\u00ebTurkijeTurkmenistanTurks- en CaicoseilandenTuvaluUruguayVanuatuVaticaanVenezuelaVerenigd Koninkrijk (UK)Verenigde Arabische EmiratenVerenigde Staten (US)Verenigde Staten (VS) Kleine Afgelegen EilandenVietnamWallis en FutunaWestelijke SaharaWit-RuslandYemenZambiaZimbabweZuid-AfrikaZuid-Georgia en de Zuidelijke SandwicheilandenZuid-KoreaZuid-SoedanZwedenZwitserland Plaats: Postcode: Update btw &euro;&nbsp;3,82 Totaal &euro;&nbsp;370,28 Proceed to Checkout<\/p>\n","protected":false},"author":2,"featured_media":0,"parent":0,"menu_order":0,"comment_status":"closed","ping_status":"closed","template":"elementor_header_footer","meta":{"footnotes":""},"class_list":["post-1205","page","type-page","status-publish","hentry"],"yoast_head":"<!-- This site is optimized with the Yoast SEO plugin v27.4 - https:\/\/yoast.com\/product\/yoast-seo-wordpress\/ -->\n<title>Winkelwagen - 2fl.com<\/title>\n<meta name=\"robots\" content=\"index, follow, max-snippet:-1, max-image-preview:large, max-video-preview:-1\" \/>\n<link rel=\"canonical\" href=\"https:\/\/2fl.com\/en\/winkelwagen\/\" \/>\n<meta property=\"og:locale\" content=\"en_GB\" \/>\n<meta property=\"og:type\" content=\"article\" \/>\n<meta property=\"og:title\" content=\"Winkelwagen - 2fl.com\" \/>\n<meta property=\"og:description\" content=\"In my shopping cart &nbsp; Product &nbsp; Prijs Aantal Subtotaal &times; 2FL Test &euro;&nbsp;349,00 2FL Test aantal &euro;&nbsp;349,00 &times; 2&#8242;-FUCOSYLLACTOSE &euro;&nbsp;49,95 &euro;&nbsp;42,46 2&#039;-FUCOSYLLACTOSE aantal &euro;&nbsp;42,46 Update Cart Apply coupon Cart Totals Subtotaal &euro;&nbsp;391,46 Waardebon: rc25 -&euro;&nbsp;25,00 [Remove] Verzending Gratis verzending De verzendopties worden bij het afrekenen ge\u00fcpdatet. Bereken verzendkosten Land\/regio: Selecteer een land\/regio&hellip;AfghanistanAland eilandenAlbani\u00ebAlgerijeAmerikaans-SamoaAndorraAngolaAnguillaAntarcticaAntigua en BarbudaArgentini\u00ebArmeni\u00ebArubaAustrali\u00ebAzerbeidzjanBahamasBahreinBangladeshBarbadosBelauBelgi\u00ebBelizeBeninBermudaBhutanBoeroendiBoliviaBonaire, Sint Eustatius en SabaBosni\u00eb en HerzegovinaBotswanaBouvetBrazili\u00ebBrits Indische OceaanterritoriumBruneiBulgarijeBurkina FasoCambodjaCanadaCentraal-Afrikaanse RepubliekChiliChinaChristmaseilandCocoseilandenColombiaComorenCongo-BrazzavilleCongo-KinshasaCookeilandenCosta RicaCubaCura\u00e7aoCyprusDenemarkenDjiboutiDominicaDominicaanse RepubliekDuitslandEcuadorEgypteEl SalvadorEquatoriaal-GuineaEritreaEstlandEswatiniEthiopi\u00ebFaer\u00f6erFalklandeilandenFijiFilippijnenFinlandFrankrijkFrans-GuyanaFrans-Polynesi\u00ebFranse Zuidelijke GebiedenGabonGambiaGeorgi\u00ebGhanaGibraltarGrenadaGriekenlandGroenlandGuadeloupeGuamGuatemalaGuernseyGuineaGuinee-BissauGuyanaHa\u00eftiHeard en McDonaldeilandenHondurasHongarijeHongkongIerlandIJslandIndiaIndonesi\u00ebIrakIranIsle of ManIsra\u00eblItali\u00ebIvoorkustJamaicaJapanJerseyJordani\u00ebKaaimaneilandenKaapverdi\u00ebKameroenKatarKazachstanKeniaKirgizi\u00ebKiribatiKoeweitKroati\u00ebLaosLesothoLetlandLibanonLiberiaLibi\u00ebLiechtensteinLitouwenLuxemburgMaagdeneilanden (Verenigd Koninkrijk)Maagdeneilanden (VS)MacaoMadagascarMalawiMaledivenMaleisi\u00ebMaliMaltaMarokkoMarshalleilandenMartiniqueMauritani\u00ebMauritiusMayotteMexicoMicronesi\u00ebMoldavi\u00ebMonacoMongoli\u00ebMontenegroMontserratMozambiqueMyanmarNamibi\u00ebNauruNederlandNepalNicaraguaNieuw-Caledoni\u00ebNieuw-ZeelandNigerNigeriaNiueNoord Macedoni\u00ebNoord-KoreaNoordelijke MarianenNoorwegenNorfolk IslandOegandaOekra\u00efneOezbekistanOmanOost-TimorOostenrijkPakistanPalestijnse GebiedenPanamaPapoea-Nieuw-GuineaParaguayPeruPitcairnPolenPortugalPuerto RicoR\u00e9unionRoemeni\u00ebRuslandRwandaSaint Kitts en NevisSaint LuciaSaint Vincent en de GrenadinesSaint-Pierre en MiquelonSalomonseilandenSamoaSan MarinoSao Tom&eacute; en PrincipeSaudi-Arabi\u00ebSenegalServi\u00ebSeychellenSierra LeoneSingaporeSint MaartenSint-BartholomeusSint-HelenaSint-Maarten (Frans deel)Sloveni\u00ebSlowakijeSoedanSomali\u00ebSpanjeSpitsbergen en Jan MayenSri LankaSurinameSyri\u00ebTadzjikistanTaiwanTanzaniaThailandTogoTokelauTongaTrinidad en TobagoTsjaadTsjechi\u00ebTunesi\u00ebTurkijeTurkmenistanTurks- en CaicoseilandenTuvaluUruguayVanuatuVaticaanVenezuelaVerenigd Koninkrijk (UK)Verenigde Arabische EmiratenVerenigde Staten (US)Verenigde Staten (VS) Kleine Afgelegen EilandenVietnamWallis en FutunaWestelijke SaharaWit-RuslandYemenZambiaZimbabweZuid-AfrikaZuid-Georgia en de Zuidelijke SandwicheilandenZuid-KoreaZuid-SoedanZwedenZwitserland Plaats: Postcode: Update btw &euro;&nbsp;3,82 Totaal &euro;&nbsp;370,28 Proceed to Checkout\" \/>\n<meta property=\"og:url\" content=\"https:\/\/2fl.com\/en\/winkelwagen\/\" \/>\n<meta property=\"og:site_name\" content=\"2fl.com\" \/>\n<meta property=\"article:modified_time\" content=\"2024-11-28T14:11:47+00:00\" \/>\n<meta property=\"og:image\" content=\"https:\/\/2fl.com\/wp-content\/uploads\/2024\/10\/Verpakking_2FL-removebg-preview-300x300.webp\" \/>\n<meta name=\"twitter:card\" content=\"summary_large_image\" \/>\n<meta name=\"twitter:label1\" content=\"Estimated reading time\" \/>\n\t<meta name=\"twitter:data1\" content=\"2 minutes\" \/>\n<script type=\"application\/ld+json\" class=\"yoast-schema-graph\">{\"@context\":\"https:\\\/\\\/schema.org\",\"@graph\":[{\"@type\":\"WebPage\",\"@id\":\"https:\\\/\\\/2fl.com\\\/winkelwagen\\\/\",\"url\":\"https:\\\/\\\/2fl.com\\\/winkelwagen\\\/\",\"name\":\"Winkelwagen - 2fl.com\",\"isPartOf\":{\"@id\":\"https:\\\/\\\/2fl.com\\\/#website\"},\"primaryImageOfPage\":{\"@id\":\"https:\\\/\\\/2fl.com\\\/winkelwagen\\\/#primaryimage\"},\"image\":{\"@id\":\"https:\\\/\\\/2fl.com\\\/winkelwagen\\\/#primaryimage\"},\"thumbnailUrl\":\"https:\\\/\\\/2fl.com\\\/wp-content\\\/uploads\\\/2024\\\/10\\\/Verpakking_2FL-removebg-preview-300x300.webp\",\"datePublished\":\"2024-10-31T15:38:00+00:00\",\"dateModified\":\"2024-11-28T14:11:47+00:00\",\"breadcrumb\":{\"@id\":\"https:\\\/\\\/2fl.com\\\/winkelwagen\\\/#breadcrumb\"},\"inLanguage\":\"en-GB\",\"potentialAction\":[{\"@type\":\"ReadAction\",\"target\":[\"https:\\\/\\\/2fl.com\\\/winkelwagen\\\/\"]}]},{\"@type\":\"ImageObject\",\"inLanguage\":\"en-GB\",\"@id\":\"https:\\\/\\\/2fl.com\\\/winkelwagen\\\/#primaryimage\",\"url\":\"https:\\\/\\\/2fl.com\\\/wp-content\\\/uploads\\\/2024\\\/10\\\/Verpakking_2FL-removebg-preview-300x300.webp\",\"contentUrl\":\"https:\\\/\\\/2fl.com\\\/wp-content\\\/uploads\\\/2024\\\/10\\\/Verpakking_2FL-removebg-preview-300x300.webp\"},{\"@type\":\"BreadcrumbList\",\"@id\":\"https:\\\/\\\/2fl.com\\\/winkelwagen\\\/#breadcrumb\",\"itemListElement\":[{\"@type\":\"ListItem\",\"position\":1,\"name\":\"Home\",\"item\":\"https:\\\/\\\/2fl.com\\\/\"},{\"@type\":\"ListItem\",\"position\":2,\"name\":\"Winkelwagen\"}]},{\"@type\":\"WebSite\",\"@id\":\"https:\\\/\\\/2fl.com\\\/#website\",\"url\":\"https:\\\/\\\/2fl.com\\\/\",\"name\":\"2fl.com\",\"description\":\"Zorg voor evenwicht in je microbiota\",\"publisher\":{\"@id\":\"https:\\\/\\\/2fl.com\\\/#organization\"},\"potentialAction\":[{\"@type\":\"SearchAction\",\"target\":{\"@type\":\"EntryPoint\",\"urlTemplate\":\"https:\\\/\\\/2fl.com\\\/?s={search_term_string}\"},\"query-input\":{\"@type\":\"PropertyValueSpecification\",\"valueRequired\":true,\"valueName\":\"search_term_string\"}}],\"inLanguage\":\"en-GB\"},{\"@type\":\"Organization\",\"@id\":\"https:\\\/\\\/2fl.com\\\/#organization\",\"name\":\"2fl.com\",\"url\":\"https:\\\/\\\/2fl.com\\\/\",\"logo\":{\"@type\":\"ImageObject\",\"inLanguage\":\"en-GB\",\"@id\":\"https:\\\/\\\/2fl.com\\\/#\\\/schema\\\/logo\\\/image\\\/\",\"url\":\"https:\\\/\\\/2fl.com\\\/wp-content\\\/uploads\\\/2024\\\/11\\\/cropped-2-fucosyllactose_2FL_prebiotica_logo_square.png\",\"contentUrl\":\"https:\\\/\\\/2fl.com\\\/wp-content\\\/uploads\\\/2024\\\/11\\\/cropped-2-fucosyllactose_2FL_prebiotica_logo_square.png\",\"width\":512,\"height\":512,\"caption\":\"2fl.com\"},\"image\":{\"@id\":\"https:\\\/\\\/2fl.com\\\/#\\\/schema\\\/logo\\\/image\\\/\"}}]}<\/script>\n<!-- \/ Yoast SEO plugin. -->","yoast_head_json":{"title":"Winkelwagen - 2fl.com","robots":{"index":"index","follow":"follow","max-snippet":"max-snippet:-1","max-image-preview":"max-image-preview:large","max-video-preview":"max-video-preview:-1"},"canonical":"https:\/\/2fl.com\/en\/winkelwagen\/","og_locale":"en_GB","og_type":"article","og_title":"Winkelwagen - 2fl.com","og_description":"In my shopping cart &nbsp; Product &nbsp; Prijs Aantal Subtotaal &times; 2FL Test &euro;&nbsp;349,00 2FL Test aantal &euro;&nbsp;349,00 &times; 2&#8242;-FUCOSYLLACTOSE &euro;&nbsp;49,95 &euro;&nbsp;42,46 2&#039;-FUCOSYLLACTOSE aantal &euro;&nbsp;42,46 Update Cart Apply coupon Cart Totals Subtotaal &euro;&nbsp;391,46 Waardebon: rc25 -&euro;&nbsp;25,00 [Remove] Verzending Gratis verzending De verzendopties worden bij het afrekenen ge\u00fcpdatet. Bereken verzendkosten Land\/regio: Selecteer een land\/regio&hellip;AfghanistanAland eilandenAlbani\u00ebAlgerijeAmerikaans-SamoaAndorraAngolaAnguillaAntarcticaAntigua en BarbudaArgentini\u00ebArmeni\u00ebArubaAustrali\u00ebAzerbeidzjanBahamasBahreinBangladeshBarbadosBelauBelgi\u00ebBelizeBeninBermudaBhutanBoeroendiBoliviaBonaire, Sint Eustatius en SabaBosni\u00eb en HerzegovinaBotswanaBouvetBrazili\u00ebBrits Indische OceaanterritoriumBruneiBulgarijeBurkina FasoCambodjaCanadaCentraal-Afrikaanse RepubliekChiliChinaChristmaseilandCocoseilandenColombiaComorenCongo-BrazzavilleCongo-KinshasaCookeilandenCosta RicaCubaCura\u00e7aoCyprusDenemarkenDjiboutiDominicaDominicaanse RepubliekDuitslandEcuadorEgypteEl SalvadorEquatoriaal-GuineaEritreaEstlandEswatiniEthiopi\u00ebFaer\u00f6erFalklandeilandenFijiFilippijnenFinlandFrankrijkFrans-GuyanaFrans-Polynesi\u00ebFranse Zuidelijke GebiedenGabonGambiaGeorgi\u00ebGhanaGibraltarGrenadaGriekenlandGroenlandGuadeloupeGuamGuatemalaGuernseyGuineaGuinee-BissauGuyanaHa\u00eftiHeard en McDonaldeilandenHondurasHongarijeHongkongIerlandIJslandIndiaIndonesi\u00ebIrakIranIsle of ManIsra\u00eblItali\u00ebIvoorkustJamaicaJapanJerseyJordani\u00ebKaaimaneilandenKaapverdi\u00ebKameroenKatarKazachstanKeniaKirgizi\u00ebKiribatiKoeweitKroati\u00ebLaosLesothoLetlandLibanonLiberiaLibi\u00ebLiechtensteinLitouwenLuxemburgMaagdeneilanden (Verenigd Koninkrijk)Maagdeneilanden (VS)MacaoMadagascarMalawiMaledivenMaleisi\u00ebMaliMaltaMarokkoMarshalleilandenMartiniqueMauritani\u00ebMauritiusMayotteMexicoMicronesi\u00ebMoldavi\u00ebMonacoMongoli\u00ebMontenegroMontserratMozambiqueMyanmarNamibi\u00ebNauruNederlandNepalNicaraguaNieuw-Caledoni\u00ebNieuw-ZeelandNigerNigeriaNiueNoord Macedoni\u00ebNoord-KoreaNoordelijke MarianenNoorwegenNorfolk IslandOegandaOekra\u00efneOezbekistanOmanOost-TimorOostenrijkPakistanPalestijnse GebiedenPanamaPapoea-Nieuw-GuineaParaguayPeruPitcairnPolenPortugalPuerto RicoR\u00e9unionRoemeni\u00ebRuslandRwandaSaint Kitts en NevisSaint LuciaSaint Vincent en de GrenadinesSaint-Pierre en MiquelonSalomonseilandenSamoaSan MarinoSao Tom&eacute; en PrincipeSaudi-Arabi\u00ebSenegalServi\u00ebSeychellenSierra LeoneSingaporeSint MaartenSint-BartholomeusSint-HelenaSint-Maarten (Frans deel)Sloveni\u00ebSlowakijeSoedanSomali\u00ebSpanjeSpitsbergen en Jan MayenSri LankaSurinameSyri\u00ebTadzjikistanTaiwanTanzaniaThailandTogoTokelauTongaTrinidad en TobagoTsjaadTsjechi\u00ebTunesi\u00ebTurkijeTurkmenistanTurks- en CaicoseilandenTuvaluUruguayVanuatuVaticaanVenezuelaVerenigd Koninkrijk (UK)Verenigde Arabische EmiratenVerenigde Staten (US)Verenigde Staten (VS) Kleine Afgelegen EilandenVietnamWallis en FutunaWestelijke SaharaWit-RuslandYemenZambiaZimbabweZuid-AfrikaZuid-Georgia en de Zuidelijke SandwicheilandenZuid-KoreaZuid-SoedanZwedenZwitserland Plaats: Postcode: Update btw &euro;&nbsp;3,82 Totaal &euro;&nbsp;370,28 Proceed to Checkout","og_url":"https:\/\/2fl.com\/en\/winkelwagen\/","og_site_name":"2fl.com","article_modified_time":"2024-11-28T14:11:47+00:00","og_image":[{"url":"https:\/\/2fl.com\/wp-content\/uploads\/2024\/10\/Verpakking_2FL-removebg-preview-300x300.webp","type":"","width":"","height":""}],"twitter_card":"summary_large_image","twitter_misc":{"Estimated reading time":"2 minutes"},"schema":{"@context":"https:\/\/schema.org","@graph":[{"@type":"WebPage","@id":"https:\/\/2fl.com\/winkelwagen\/","url":"https:\/\/2fl.com\/winkelwagen\/","name":"Winkelwagen - 2fl.com","isPartOf":{"@id":"https:\/\/2fl.com\/#website"},"primaryImageOfPage":{"@id":"https:\/\/2fl.com\/winkelwagen\/#primaryimage"},"image":{"@id":"https:\/\/2fl.com\/winkelwagen\/#primaryimage"},"thumbnailUrl":"https:\/\/2fl.com\/wp-content\/uploads\/2024\/10\/Verpakking_2FL-removebg-preview-300x300.webp","datePublished":"2024-10-31T15:38:00+00:00","dateModified":"2024-11-28T14:11:47+00:00","breadcrumb":{"@id":"https:\/\/2fl.com\/winkelwagen\/#breadcrumb"},"inLanguage":"en-GB","potentialAction":[{"@type":"ReadAction","target":["https:\/\/2fl.com\/winkelwagen\/"]}]},{"@type":"ImageObject","inLanguage":"en-GB","@id":"https:\/\/2fl.com\/winkelwagen\/#primaryimage","url":"https:\/\/2fl.com\/wp-content\/uploads\/2024\/10\/Verpakking_2FL-removebg-preview-300x300.webp","contentUrl":"https:\/\/2fl.com\/wp-content\/uploads\/2024\/10\/Verpakking_2FL-removebg-preview-300x300.webp"},{"@type":"BreadcrumbList","@id":"https:\/\/2fl.com\/winkelwagen\/#breadcrumb","itemListElement":[{"@type":"ListItem","position":1,"name":"Home","item":"https:\/\/2fl.com\/"},{"@type":"ListItem","position":2,"name":"Winkelwagen"}]},{"@type":"WebSite","@id":"https:\/\/2fl.com\/#website","url":"https:\/\/2fl.com\/","name":"2fl.com","description":"Maintain balance in your microbiota","publisher":{"@id":"https:\/\/2fl.com\/#organization"},"potentialAction":[{"@type":"SearchAction","target":{"@type":"EntryPoint","urlTemplate":"https:\/\/2fl.com\/?s={search_term_string}"},"query-input":{"@type":"PropertyValueSpecification","valueRequired":true,"valueName":"search_term_string"}}],"inLanguage":"en-GB"},{"@type":"Organization","@id":"https:\/\/2fl.com\/#organization","name":"2fl.com","url":"https:\/\/2fl.com\/","logo":{"@type":"ImageObject","inLanguage":"en-GB","@id":"https:\/\/2fl.com\/#\/schema\/logo\/image\/","url":"https:\/\/2fl.com\/wp-content\/uploads\/2024\/11\/cropped-2-fucosyllactose_2FL_prebiotica_logo_square.png","contentUrl":"https:\/\/2fl.com\/wp-content\/uploads\/2024\/11\/cropped-2-fucosyllactose_2FL_prebiotica_logo_square.png","width":512,"height":512,"caption":"2fl.com"},"image":{"@id":"https:\/\/2fl.com\/#\/schema\/logo\/image\/"}}]}},"_links":{"self":[{"href":"https:\/\/2fl.com\/en\/wp-json\/wp\/v2\/pages\/1205","targetHints":{"allow":["GET"]}}],"collection":[{"href":"https:\/\/2fl.com\/en\/wp-json\/wp\/v2\/pages"}],"about":[{"href":"https:\/\/2fl.com\/en\/wp-json\/wp\/v2\/types\/page"}],"author":[{"embeddable":true,"href":"https:\/\/2fl.com\/en\/wp-json\/wp\/v2\/users\/2"}],"replies":[{"embeddable":true,"href":"https:\/\/2fl.com\/en\/wp-json\/wp\/v2\/comments?post=1205"}],"version-history":[{"count":31,"href":"https:\/\/2fl.com\/en\/wp-json\/wp\/v2\/pages\/1205\/revisions"}],"predecessor-version":[{"id":1354,"href":"https:\/\/2fl.com\/en\/wp-json\/wp\/v2\/pages\/1205\/revisions\/1354"}],"wp:attachment":[{"href":"https:\/\/2fl.com\/en\/wp-json\/wp\/v2\/media?parent=1205"}],"curies":[{"name":"wp","href":"https:\/\/api.w.org\/{rel}","templated":true}]}}